{"id":3493,"date":"2020-02-07T02:16:44","date_gmt":"2020-02-07T02:16:44","guid":{"rendered":"https:\/\/demo.casethemes.net\/consultio\/?page_id=3493"},"modified":"2023-12-01T18:02:07","modified_gmt":"2023-12-01T18:02:07","slug":"nosotros","status":"publish","type":"page","link":"https:\/\/comtecsa.pe\/index.php\/nosotros\/","title":{"rendered":"Nosotros"},"content":{"rendered":"\t\t<div data-elementor-type=\"wp-page\" data-elementor-id=\"3493\" class=\"elementor elementor-3493\" data-elementor-settings=\"[]\">\n\t\t\t\t\t\t\t<div class=\"elementor-section-wrap\">\n\t\t\t\t\t        <section class=\"elementor-section elementor-top-section elementor-element elementor-element-64fd72b8 elementor-section-boxed elementor-section-height-default elementor-section-height-default\" data-id=\"64fd72b8\" data-element_type=\"section\">\n            \n                        <div class=\"elementor-container elementor-column-gap-default \">\n                    <div class=\"elementor-column elementor-col-50 elementor-top-column elementor-element elementor-element-305603d7\" data-id=\"305603d7\" data-element_type=\"column\">\n            <div class=\"elementor-widget-wrap elementor-element-populated\">\n                        \t\t<div class=\"elementor-element elementor-element-9da93fe line-sub-preset2 elementor-widget elementor-widget-ct_heading\" data-id=\"9da93fe\" data-element_type=\"widget\" data-widget_type=\"ct_heading.default\">\n\t\t\t\t<div class=\"elementor-widget-container\">\n\t\t\t<div class=\"ct-heading h-align-left wow bounce sub-style1 ct-heading-left item-st-default\">\r\n\t\t\t<div class=\"item--sub-title style1 show-line\">\r\n                        Nosotros                                <\/div>\r\n\t    <h4 class=\"item--title st-default wow bounce\" data-wow-delay=\"ms\">\r\n                <span>\r\n            \r\n            <h4 style=\"text-align: justify\">Nuestra empresa est\u00e1 destinada a satisfacer las necesidades de empresas en las \u00e1reas de la Informaci\u00f3n y la Tecnolog\u00eda.<\/h4>\r\n                    <\/span>\r\n            <\/h4>\r\n<\/div>\t\t<\/div>\n\t\t\t\t<\/div>\n\t\t\t\t<div class=\"elementor-element elementor-element-398fa9be wow fadeInUp elementor-widget elementor-widget-text-editor\" data-id=\"398fa9be\" data-element_type=\"widget\" data-widget_type=\"text-editor.default\">\n\t\t\t\t<div class=\"elementor-widget-container\">\n\t\t\t\t\t\t\t<p style=\"text-align: justify;\"><strong>COMTECSA DEL PER\u00da S.A.C.<\/strong> se constituye formalmente en Febrero del 2012 en el Per\u00fa, incorporando una experiencia profesional en mercados internacionales de m\u00e1s de 18 a\u00f1os en la industria de la Tecnolog\u00eda de Informaci\u00f3n de su empresa ligada: COMUNICACIONES Y TECNOLOG\u00cdA S.A. (COMTECSA) CHILE (Est. 1998).<\/p>\t\t\t\t\t\t<\/div>\n\t\t\t\t<\/div>\n\t\t\t\t<div class=\"elementor-element elementor-element-311bc37 wow fadeInUp elementor-widget elementor-widget-text-editor\" data-id=\"311bc37\" data-element_type=\"widget\" data-widget_type=\"text-editor.default\">\n\t\t\t\t<div class=\"elementor-widget-container\">\n\t\t\t\t\t\t\t<p style=\"text-align: justify;\">Desde el comienzo de sus operaciones, COMTECSA DEL PER\u00da S.A.C. se ha caracterizado por el desarrollo de todas las funciones t\u00e9cnicas y profesionales orientadas al proyecto, instalaci\u00f3n y mantenimiento de sistemas electr\u00f3nicos y de comunicaciones; especializ\u00e1ndonos en dar soluciones a prestigiosas mineras, entidades bancarias e instituciones del estado.<\/p>\n<p style=\"text-align: justify;\">Buscando siempre la manera de promover el mejoramiento continuo de nuestros procesos, contando para ello, con personal altamente calificado, capacitado, con experiencia y vocaci\u00f3n de trabajo en equipo. Esta s\u00f3lida experiencia, nos permite hoy en d\u00eda poder presentarnos como una de las empresas de mayor confiabilidad para el desarrollo de misiones cr\u00edticas, debido a los estrictos est\u00e1ndares de calidad y seguridad presentes durante todas las etapas relacionadas en nuestros proyectos, ya sea como contratistas o proveedores.<\/p>\n\n&nbsp;\t\t\t\t\t\t<\/div>\n\t\t\t\t<\/div>\n\t\t\t\t<div class=\"elementor-element elementor-element-78f3a28d elementor-widget elementor-widget-image\" data-id=\"78f3a28d\" data-element_type=\"widget\" data-widget_type=\"image.default\">\n\t\t\t\t<div class=\"elementor-widget-container\">\n\t\t\t\t\t\t\t\t\t\t\t\t\t\t\t<img decoding=\"async\" width=\"350\" height=\"1\" src=\"https:\/\/comtecsa.pe\/wp-content\/uploads\/2019\/12\/about-gap.png\" class=\"attachment-full size-full\" alt=\"\" \/>\t\t\t\t\t\t\t\t\t\t\t\t\t\t\t<\/div>\n\t\t\t\t<\/div>\n\t\t            <\/div>\n        <\/div>\n                <div class=\"elementor-column elementor-col-50 elementor-top-column elementor-element elementor-element-1bb8bef0\" data-id=\"1bb8bef0\" data-element_type=\"column\">\n            <div class=\"elementor-widget-wrap elementor-element-populated\">\n                        \t\t<div class=\"elementor-element elementor-element-40e6861c wow fadeInRight elementor-widget elementor-widget-ct_banner\" data-id=\"40e6861c\" data-element_type=\"widget\" data-widget_type=\"ct_banner.default\">\n\t\t\t\t<div class=\"elementor-widget-container\">\n\t\t\t<div class=\"ct-banner1 \" data-wow-delay=\"ms\">\r\n\t<div class=\"ct-banner-imge\">\r\n    \t<img decoding=\"async\" width=\"540\" height=\"730\" src=\"https:\/\/comtecsa.pe\/wp-content\/uploads\/2021\/11\/nosotros-lateral.jpg\" class=\"attachment-full size-full\" alt=\"\" \/>        <h3 class=\"ct-banner-title\">M\u00e1s de 18 A\u00f1os de Experiencia<\/h3>\r\n    <\/div>\r\n<\/div>\t\t<\/div>\n\t\t\t\t<\/div>\n\t\t\t\t<div class=\"elementor-element elementor-element-1b4bcaa line-sub-preset2 elementor-widget elementor-widget-ct_heading\" data-id=\"1b4bcaa\" data-element_type=\"widget\" data-widget_type=\"ct_heading.default\">\n\t\t\t\t<div class=\"elementor-widget-container\">\n\t\t\t<div class=\"ct-heading h-align- wow fadeInLeft sub-style1 ct-heading-left item-st-default\">\r\n\t    <h3 class=\"item--title st-default wow fadeInLeft\" data-wow-delay=\"ms\">\r\n                <span>\r\n            \r\n            Misi\u00f3n\r\n                    <\/span>\r\n            <\/h3>\r\n<\/div>\t\t<\/div>\n\t\t\t\t<\/div>\n\t\t\t\t<div class=\"elementor-element elementor-element-6b66e0a wow fadeInUp elementor-widget elementor-widget-text-editor\" data-id=\"6b66e0a\" data-element_type=\"widget\" data-widget_type=\"text-editor.default\">\n\t\t\t\t<div class=\"elementor-widget-container\">\n\t\t\t\t\t\t\t<p style=\"text-align: justify;\">Ser una compa\u00f1\u00eda que entiende adecuadamente las necesidades de nuestros clientes, sus motivaciones, preocupaciones y objetivos, con el fin de desarrollar un tipo de soluci\u00f3n adecuado para cada uno de ellos, entregando una atenci\u00f3n personalizada y alta calidad de servicio promoviendo permanentemente el mejoramiento de nuestros procesos.<\/p>\t\t\t\t\t\t<\/div>\n\t\t\t\t<\/div>\n\t\t\t\t<div class=\"elementor-element elementor-element-cce69bc line-sub-preset2 elementor-widget elementor-widget-ct_heading\" data-id=\"cce69bc\" data-element_type=\"widget\" data-widget_type=\"ct_heading.default\">\n\t\t\t\t<div class=\"elementor-widget-container\">\n\t\t\t<div class=\"ct-heading h-align- wow fadeInLeft sub-style1 ct-heading-left item-st-default\">\r\n\t    <h3 class=\"item--title st-default wow fadeInLeft\" data-wow-delay=\"ms\">\r\n                <span>\r\n            \r\n            Visi\u00f3n\r\n                    <\/span>\r\n            <\/h3>\r\n<\/div>\t\t<\/div>\n\t\t\t\t<\/div>\n\t\t\t\t<div class=\"elementor-element elementor-element-2d2b280 wow fadeInUp elementor-widget elementor-widget-text-editor\" data-id=\"2d2b280\" data-element_type=\"widget\" data-widget_type=\"text-editor.default\">\n\t\t\t\t<div class=\"elementor-widget-container\">\n\t\t\t\t\t\t\t<p style=\"text-align: justify;\">COMTECSA DEL PER\u00da S.A.C. tiene como visi\u00f3n ser reconocida como una empresa que potencia las operaciones de nuestros clientes, cumpliendo a cabalidad con los servicios ofertados, soportando cada uno de nuestros servicios con una plataforma robusta basada en nuestra infraestructura y recursos humanos.<\/p>\t\t\t\t\t\t<\/div>\n\t\t\t\t<\/div>\n\t\t            <\/div>\n        <\/div>\n                            <\/div>\n        <\/section>\n                <section class=\"elementor-section elementor-top-section elementor-element elementor-element-38f7332b elementor-section-boxed elementor-section-height-default elementor-section-height-default\" data-id=\"38f7332b\" data-element_type=\"section\">\n            \n                        <div class=\"elementor-container elementor-column-gap-extended \">\n                    <div class=\"elementor-column elementor-col-100 elementor-top-column elementor-element elementor-element-7dba3a7e\" data-id=\"7dba3a7e\" data-element_type=\"column\">\n            <div class=\"elementor-widget-wrap elementor-element-populated\">\n                                <section class=\"elementor-section elementor-inner-section elementor-element elementor-element-735a4111 elementor-section-content-middle elementor-section-boxed elementor-section-height-default elementor-section-height-default\" data-id=\"735a4111\" data-element_type=\"section\">\n            \n                        <div class=\"elementor-container elementor-column-gap-extended \">\n                    <div class=\"elementor-column elementor-col-50 elementor-inner-column elementor-element elementor-element-44317976\" data-id=\"44317976\" data-element_type=\"column\">\n            <div class=\"elementor-widget-wrap elementor-element-populated\">\n                        \t\t<div class=\"elementor-element elementor-element-e36d3ea line-sub-preset2 elementor-widget elementor-widget-ct_heading\" data-id=\"e36d3ea\" data-element_type=\"widget\" data-widget_type=\"ct_heading.default\">\n\t\t\t\t<div class=\"elementor-widget-container\">\n\t\t\t<div class=\"ct-heading h-align- wow fadeInLeft sub-style1 ct-heading-left item-st-default\">\r\n\t    <h3 class=\"item--title st-default wow fadeInLeft\" data-wow-delay=\"ms\">\r\n                <span>\r\n            \r\n            Filosof\u00eda Corporativa\r\n                    <\/span>\r\n            <\/h3>\r\n<\/div>\t\t<\/div>\n\t\t\t\t<\/div>\n\t\t            <\/div>\n        <\/div>\n                <div class=\"elementor-column elementor-col-50 elementor-inner-column elementor-element elementor-element-4edf15d2\" data-id=\"4edf15d2\" data-element_type=\"column\">\n            <div class=\"elementor-widget-wrap elementor-element-populated\">\n                        \t\t<div class=\"elementor-element elementor-element-54c181e1 wow fadeInRight elementor-widget elementor-widget-text-editor\" data-id=\"54c181e1\" data-element_type=\"widget\" data-widget_type=\"text-editor.default\">\n\t\t\t\t<div class=\"elementor-widget-container\">\n\t\t\t\t\t\t\t<p style=\"text-align: justify;\">COMTECSA DEL PER\u00da S.A.C. define su Filosof\u00eda Corporativa considerando el Profesionalismo, Seriedad, confiabilidad y confidencialidad como sus valores centrales.<\/p>\t\t\t\t\t\t<\/div>\n\t\t\t\t<\/div>\n\t\t            <\/div>\n        <\/div>\n                            <\/div>\n        <\/section>\n                    <\/div>\n        <\/div>\n                            <\/div>\n        <\/section>\n        \t\t\t\t<\/div>\n\t\t\t\t\t<\/div>\n\t\t","protected":false},"excerpt":{"rendered":"<p>Nosotros Nuestra empresa est\u00e1 destinada a satisfacer las necesidades de empresas en las \u00e1reas de la Informaci\u00f3n y la Tecnolog\u00eda. COMTECSA DEL PER\u00da S.A.C. se constituye formalmente en Febrero del 2012 en el Per\u00fa, incorporando una experiencia profesional en mercados internacionales de m\u00e1s de 18 a\u00f1os en la industria de la Tecnolog\u00eda de Informaci\u00f3n de [&hellip;]<\/p>\n","protected":false},"author":1,"featured_media":0,"parent":0,"menu_order":0,"comment_status":"closed","ping_status":"closed","template":"","meta":{"footnotes":""},"class_list":["post-3493","page","type-page","status-publish","hentry"],"_links":{"self":[{"href":"https:\/\/comtecsa.pe\/index.php\/wp-json\/wp\/v2\/pages\/3493","targetHints":{"allow":["GET"]}}],"collection":[{"href":"https:\/\/comtecsa.pe\/index.php\/wp-json\/wp\/v2\/pages"}],"about":[{"href":"https:\/\/comtecsa.pe\/index.php\/wp-json\/wp\/v2\/types\/page"}],"author":[{"embeddable":true,"href":"https:\/\/comtecsa.pe\/index.php\/wp-json\/wp\/v2\/users\/1"}],"replies":[{"embeddable":true,"href":"https:\/\/comtecsa.pe\/index.php\/wp-json\/wp\/v2\/comments?post=3493"}],"version-history":[{"count":28,"href":"https:\/\/comtecsa.pe\/index.php\/wp-json\/wp\/v2\/pages\/3493\/revisions"}],"predecessor-version":[{"id":5806,"href":"https:\/\/comtecsa.pe\/index.php\/wp-json\/wp\/v2\/pages\/3493\/revisions\/5806"}],"wp:attachment":[{"href":"https:\/\/comtecsa.pe\/index.php\/wp-json\/wp\/v2\/media?parent=3493"}],"curies":[{"name":"wp","href":"https:\/\/api.w.org\/{rel}","templated":true}]}}