{"id":3520,"date":"2020-02-07T02:21:23","date_gmt":"2020-02-07T02:21:23","guid":{"rendered":"https:\/\/demo.casethemes.net\/consultio\/?page_id=3520"},"modified":"2026-02-12T17:21:39","modified_gmt":"2026-02-12T17:21:39","slug":"nuestro-equipo","status":"publish","type":"page","link":"https:\/\/comtecsa.pe\/index.php\/nuestro-equipo\/","title":{"rendered":"Nuestro Equipo"},"content":{"rendered":"\t\t<div data-elementor-type=\"wp-page\" data-elementor-id=\"3520\" class=\"elementor elementor-3520\" data-elementor-settings=\"[]\">\n\t\t\t\t\t\t\t<div class=\"elementor-section-wrap\">\n\t\t\t\t\t        <section class=\"elementor-section elementor-top-section elementor-element elementor-element-8c17192 elementor-section-stretched elementor-section-boxed elementor-section-height-default elementor-section-height-default\" data-id=\"8c17192\" data-element_type=\"section\" data-settings=\"{&quot;stretch_section&quot;:&quot;section-stretched&quot;,&quot;background_background&quot;:&quot;classic&quot;}\">\n            \n                        <div class=\"elementor-container elementor-column-gap-extended \">\n                    <div class=\"elementor-column elementor-col-100 elementor-top-column elementor-element elementor-element-a445675\" data-id=\"a445675\" data-element_type=\"column\">\n            <div class=\"elementor-widget-wrap elementor-element-populated\">\n                                <section class=\"elementor-section elementor-inner-section elementor-element elementor-element-94d2f1d elementor-section-content-middle elementor-section-boxed elementor-section-height-default elementor-section-height-default\" data-id=\"94d2f1d\" data-element_type=\"section\">\n            \n                        <div class=\"elementor-container elementor-column-gap-extended \">\n                    <div class=\"elementor-column elementor-col-50 elementor-inner-column elementor-element elementor-element-6cb3f0d\" data-id=\"6cb3f0d\" data-element_type=\"column\">\n            <div class=\"elementor-widget-wrap elementor-element-populated\">\n                        \t\t<div class=\"elementor-element elementor-element-5e7c953 elementor-widget elementor-widget-ct_heading\" data-id=\"5e7c953\" data-element_type=\"widget\" data-widget_type=\"ct_heading.default\">\n\t\t\t\t<div class=\"elementor-widget-container\">\n\t\t\t<div class=\"ct-heading h-align-  sub- ct-heading-left item-st-line-left1\">\r\n\t    <h3 class=\"item--title st-line-left1 \" data-wow-delay=\"ms\">\r\n                <span>\r\n                            <i><\/i>\r\n            \r\n            Nuestro Equipo \r\n                    <\/span>\r\n            <\/h3>\r\n<\/div>\t\t<\/div>\n\t\t\t\t<\/div>\n\t\t            <\/div>\n        <\/div>\n                <div class=\"elementor-column elementor-col-50 elementor-inner-column elementor-element elementor-element-cfdc757\" data-id=\"cfdc757\" data-element_type=\"column\">\n            <div class=\"elementor-widget-wrap elementor-element-populated\">\n                        \t\t<div class=\"elementor-element elementor-element-828f9d3 elementor-widget elementor-widget-ct_text_editor\" data-id=\"828f9d3\" data-element_type=\"widget\" data-widget_type=\"ct_text_editor.default\">\n\t\t\t\t<div class=\"elementor-widget-container\">\n\t\t\t<div id=\"ct_text_editor-828f9d3\" class=\"ct-text-editor \" data-wow-delay=\"ms\">\n\t<div class=\"ct-inline-css\"  data-css=\"\n        \t\t\">\n\n    <\/div>\n\t<div class=\"ct-text-editor elementor-clearfix\">\n\t\t<p style=\"text-align: justify\">Contamos con un equipo de trabajo interdisciplinario; fundamentados en una estrategia cerca al cliente, lo cual provee una soluci\u00f3n confiable y a la medida, que aporta al desarrollo y crecimiento a las empresas.<\/p>\t\t\n\t<\/div>\n<\/div>\t\t<\/div>\n\t\t\t\t<\/div>\n\t\t            <\/div>\n        <\/div>\n                            <\/div>\n        <\/section>\n        \t\t<div class=\"elementor-element elementor-element-8a0a04a elementor-widget elementor-widget-ct_team_grid\" data-id=\"8a0a04a\" data-element_type=\"widget\" data-widget_type=\"ct_team_grid.default\">\n\t\t\t\t<div class=\"elementor-widget-container\">\n\t\t\t    <div class=\"ct-grid ct-team-grid ct-team-grid5\">\r\n        <div class=\"ct-grid-inner ct-grid-masonry row animate-time\" data-gutter=\"15\">\r\n                            <div class=\"grid-item col-xl-3 col-lg-3 col-md-6 col-sm-6 col-12\">\r\n                    <div class=\"item--inner wow fadeInUp\">\r\n                                                    <div class=\"item--image\">\r\n                                <a ><img decoding=\"async\" class=\"disable-lazy \" src=\"https:\/\/comtecsa.pe\/wp-content\/uploads\/2021\/11\/sebastian-gomez-265x352.jpg\" width=\"265\" height=\"352\" alt=\"sebastian-gomez\" title=\"sebastian-gomez\" \/><\/a>\r\n                            <\/div>\r\n                                                <div class=\"item--holder\">\r\n                            <h3 class=\"item--title\">    \r\n                                <a >Sebasti\u00e1n G\u00f3mez<\/a>\r\n                            <\/h3>\r\n                            <div class=\"item--position\">Gerente General<\/div>\r\n                        <\/div>\r\n                        <div class=\"item--social\">\r\n                            <span class=\"social-button\">+<\/span>\r\n                            <ul>\r\n                                                                        <li>\r\n                                            <a href=\"#\"><i class=\"\"><\/i><\/a>\r\n                                        <\/li>\r\n                                                                            <li>\r\n                                            <a href=\"#\"><i class=\"\"><\/i><\/a>\r\n                                        <\/li>\r\n                                                                            <li>\r\n                                            <a href=\"#\"><i class=\"\"><\/i><\/a>\r\n                                        <\/li>\r\n                                                                            <li>\r\n                                            <a href=\"#\"><i class=\"\"><\/i><\/a>\r\n                                        <\/li>\r\n                                                                <\/ul>\r\n                        <\/div>\r\n                    <\/div>\r\n                <\/div>\r\n                            <div class=\"grid-item col-xl-3 col-lg-3 col-md-6 col-sm-6 col-12\">\r\n                    <div class=\"item--inner wow fadeInUp\">\r\n                                                    <div class=\"item--image\">\r\n                                <a ><img decoding=\"async\" class=\"disable-lazy \" src=\"https:\/\/comtecsa.pe\/wp-content\/uploads\/2023\/08\/Rodrigo-6.jpg\" width=\"135\" height=\"179\" alt=\"Rodrigo 6\" title=\"Rodrigo 6\" \/><\/a>\r\n                            <\/div>\r\n                                                <div class=\"item--holder\">\r\n                            <h3 class=\"item--title\">    \r\n                                <a >Rodrigo G\u00f3mez<\/a>\r\n                            <\/h3>\r\n                            <div class=\"item--position\">Gerente de Ingenier\u00eda<\/div>\r\n                        <\/div>\r\n                        <div class=\"item--social\">\r\n                            <span class=\"social-button\">+<\/span>\r\n                            <ul>\r\n                                                                        <li>\r\n                                            <a href=\"#\"><i class=\"\"><\/i><\/a>\r\n                                        <\/li>\r\n                                                                            <li>\r\n                                            <a href=\"#\"><i class=\"\"><\/i><\/a>\r\n                                        <\/li>\r\n                                                                            <li>\r\n                                            <a href=\"#\"><i class=\"\"><\/i><\/a>\r\n                                        <\/li>\r\n                                                                            <li>\r\n                                            <a href=\"\"><i class=\"\"><\/i><\/a>\r\n                                        <\/li>\r\n                                                                <\/ul>\r\n                        <\/div>\r\n                    <\/div>\r\n                <\/div>\r\n                            <div class=\"grid-item col-xl-3 col-lg-3 col-md-6 col-sm-6 col-12\">\r\n                    <div class=\"item--inner wow fadeInUp\">\r\n                                                    <div class=\"item--image\">\r\n                                <a ><img decoding=\"async\" class=\"disable-lazy \" src=\"https:\/\/comtecsa.pe\/wp-content\/uploads\/2026\/02\/Foto-JAP-web-267x352.jpeg\" width=\"267\" height=\"352\" alt=\"Foto JAP web\" title=\"Foto JAP web\" \/><\/a>\r\n                            <\/div>\r\n                                                <div class=\"item--holder\">\r\n                            <h3 class=\"item--title\">    \r\n                                <a >Javier Aponte<\/a>\r\n                            <\/h3>\r\n                            <div class=\"item--position\">Director de Proyectos<\/div>\r\n                        <\/div>\r\n                        <div class=\"item--social\">\r\n                            <span class=\"social-button\">+<\/span>\r\n                            <ul>\r\n                                                                        <li>\r\n                                            <a href=\"#\"><i class=\"\"><\/i><\/a>\r\n                                        <\/li>\r\n                                                                            <li>\r\n                                            <a href=\"#\"><i class=\"\"><\/i><\/a>\r\n                                        <\/li>\r\n                                                                            <li>\r\n                                            <a href=\"#\"><i class=\"\"><\/i><\/a>\r\n                                        <\/li>\r\n                                                                            <li>\r\n                                            <a href=\"\"><i class=\"\"><\/i><\/a>\r\n                                        <\/li>\r\n                                                                <\/ul>\r\n                        <\/div>\r\n                    <\/div>\r\n                <\/div>\r\n                            <div class=\"grid-item col-xl-3 col-lg-3 col-md-6 col-sm-6 col-12\">\r\n                    <div class=\"item--inner wow fadeInUp\">\r\n                                                    <div class=\"item--image\">\r\n                                <a ><img decoding=\"async\" class=\"disable-lazy \" src=\"https:\/\/comtecsa.pe\/wp-content\/uploads\/2026\/02\/Sergio-web-2-267x352.jpg\" width=\"267\" height=\"352\" alt=\"Sergio web\" title=\"Sergio web\" \/><\/a>\r\n                            <\/div>\r\n                                                <div class=\"item--holder\">\r\n                            <h3 class=\"item--title\">    \r\n                                <a >Sergio Plasencia<\/a>\r\n                            <\/h3>\r\n                            <div class=\"item--position\">Ejecutivo Comercial<\/div>\r\n                        <\/div>\r\n                        <div class=\"item--social\">\r\n                            <span class=\"social-button\">+<\/span>\r\n                            <ul>\r\n                                                                        <li>\r\n                                            <a href=\"#\"><i class=\"\"><\/i><\/a>\r\n                                        <\/li>\r\n                                                                            <li>\r\n                                            <a href=\"#\"><i class=\"\"><\/i><\/a>\r\n                                        <\/li>\r\n                                                                            <li>\r\n                                            <a href=\"#\"><i class=\"\"><\/i><\/a>\r\n                                        <\/li>\r\n                                                                            <li>\r\n                                            <a href=\"\"><i class=\"\"><\/i><\/a>\r\n                                        <\/li>\r\n                                                                <\/ul>\r\n                        <\/div>\r\n                    <\/div>\r\n                <\/div>\r\n                            <div class=\"grid-item col-xl-3 col-lg-3 col-md-6 col-sm-6 col-12\">\r\n                    <div class=\"item--inner wow fadeInUp\">\r\n                                                    <div class=\"item--image\">\r\n                                <a ><img decoding=\"async\" class=\"disable-lazy \" src=\"https:\/\/comtecsa.pe\/wp-content\/uploads\/2021\/11\/carlos-ocampo-265x352.jpg\" width=\"265\" height=\"352\" alt=\"carlos-ocampo\" title=\"carlos-ocampo\" \/><\/a>\r\n                            <\/div>\r\n                                                <div class=\"item--holder\">\r\n                            <h3 class=\"item--title\">    \r\n                                <a >Carlos Ocampo<\/a>\r\n                            <\/h3>\r\n                            <div class=\"item--position\">Especialista de Climatizaci\u00f3n<\/div>\r\n                        <\/div>\r\n                        <div class=\"item--social\">\r\n                            <span class=\"social-button\">+<\/span>\r\n                            <ul>\r\n                                                                        <li>\r\n                                            <a href=\"#\"><i class=\"\"><\/i><\/a>\r\n                                        <\/li>\r\n                                                                            <li>\r\n                                            <a href=\"#\"><i class=\"\"><\/i><\/a>\r\n                                        <\/li>\r\n                                                                            <li>\r\n                                            <a href=\"#\"><i class=\"\"><\/i><\/a>\r\n                                        <\/li>\r\n                                                                            <li>\r\n                                            <a href=\"\"><i class=\"\"><\/i><\/a>\r\n                                        <\/li>\r\n                                                                <\/ul>\r\n                        <\/div>\r\n                    <\/div>\r\n                <\/div>\r\n                            <div class=\"grid-item col-xl-3 col-lg-3 col-md-6 col-sm-6 col-12\">\r\n                    <div class=\"item--inner wow fadeInUp\">\r\n                                                    <div class=\"item--image\">\r\n                                <a ><img decoding=\"async\" class=\"disable-lazy \" src=\"https:\/\/comtecsa.pe\/wp-content\/uploads\/2026\/02\/Foto-web-Mario-Canote-267x352.jpeg\" width=\"267\" height=\"352\" alt=\"Foto web Mario Ca\u00f1ote\" title=\"Foto web Mario Ca\u00f1ote\" \/><\/a>\r\n                            <\/div>\r\n                                                <div class=\"item--holder\">\r\n                            <h3 class=\"item--title\">    \r\n                                <a >Mario Ca\u00f1ote<\/a>\r\n                            <\/h3>\r\n                            <div class=\"item--position\">Gerente de Operaciones<\/div>\r\n                        <\/div>\r\n                        <div class=\"item--social\">\r\n                            <span class=\"social-button\">+<\/span>\r\n                            <ul>\r\n                                                            <\/ul>\r\n                        <\/div>\r\n                    <\/div>\r\n                <\/div>\r\n                        <div class=\"grid-sizer col-xl-3 col-lg-3 col-md-6 col-sm-6 col-12\"><\/div>\r\n        <\/div>\r\n    <\/div>\r\n\t\t<\/div>\n\t\t\t\t<\/div>\n\t\t            <\/div>\n        <\/div>\n                            <\/div>\n        <\/section>\n        \t\t\t\t<\/div>\n\t\t\t\t\t<\/div>\n\t\t","protected":false},"excerpt":{"rendered":"<p>Nuestro Equipo Contamos con un equipo de trabajo interdisciplinario; fundamentados en una estrategia cerca al cliente, lo cual provee una soluci\u00f3n confiable y a la medida, que aporta al desarrollo y crecimiento a las empresas. Sebasti\u00e1n G\u00f3mez Gerente General + Rodrigo G\u00f3mez Gerente de Ingenier\u00eda + Javier Aponte Director de Proyectos + Sergio Plasencia Ejecutivo [&hellip;]<\/p>\n","protected":false},"author":1,"featured_media":0,"parent":0,"menu_order":0,"comment_status":"closed","ping_status":"closed","template":"","meta":{"footnotes":""},"class_list":["post-3520","page","type-page","status-publish","hentry"],"_links":{"self":[{"href":"https:\/\/comtecsa.pe\/index.php\/wp-json\/wp\/v2\/pages\/3520","targetHints":{"allow":["GET"]}}],"collection":[{"href":"https:\/\/comtecsa.pe\/index.php\/wp-json\/wp\/v2\/pages"}],"about":[{"href":"https:\/\/comtecsa.pe\/index.php\/wp-json\/wp\/v2\/types\/page"}],"author":[{"embeddable":true,"href":"https:\/\/comtecsa.pe\/index.php\/wp-json\/wp\/v2\/users\/1"}],"replies":[{"embeddable":true,"href":"https:\/\/comtecsa.pe\/index.php\/wp-json\/wp\/v2\/comments?post=3520"}],"version-history":[{"count":69,"href":"https:\/\/comtecsa.pe\/index.php\/wp-json\/wp\/v2\/pages\/3520\/revisions"}],"predecessor-version":[{"id":6051,"href":"https:\/\/comtecsa.pe\/index.php\/wp-json\/wp\/v2\/pages\/3520\/revisions\/6051"}],"wp:attachment":[{"href":"https:\/\/comtecsa.pe\/index.php\/wp-json\/wp\/v2\/media?parent=3520"}],"curies":[{"name":"wp","href":"https:\/\/api.w.org\/{rel}","templated":true}]}}